{"id":18286,"date":"2017-07-01T05:28:38","date_gmt":"2017-07-01T05:28:38","guid":{"rendered":"http:\/\/test.nantiaemarketing.eu\/condiciones-de-uso\/"},"modified":"2017-07-17T11:16:42","modified_gmt":"2017-07-17T11:16:42","slug":"erabiltze-baldintzak","status":"publish","type":"page","link":"https:\/\/www.jataondo.org\/eu\/erabiltze-baldintzak\/","title":{"rendered":"Erabiltze baldintzak"},"content":{"rendered":"<div class=\"wpb-content-wrapper\"><p>[vc_row][vc_column width=&#8221;1\/6&#8243;][\/vc_column][vc_column width=&#8221;2\/3&#8243;][vc_column_text]En cumplimiento de la Ley 34\/2002, de 11 de julio, de servicios de la sociedad de la informaci\u00f3n y de comercio electr\u00f3nico, JATA-ONDO le informa de que es titular del website WWW.JATA-ONDO.ORG. De acuerdo con la exigencia del art\u00edculo 10 de la citada Ley, JATA-ONDO informa de los siguientes datos: El titular de esta p\u00e1gina web es JATA-ONDO, con CIF G-48471999 y domicilio social en Trobika, 5 &#8211; 48100 &#8211; Mungia. La direcci\u00f3n de correo electr\u00f3nico de contacto con la empresa es info@uribe.eu.<\/p>\n<h6><\/h6>\n<h6><strong>USUARIO Y R\u00c9GIMEN DE RESPONSABILIDADES<\/strong><\/h6>\n<p>La navegaci\u00f3n, acceso y uso por las websites de JATA-ONDO confiere la condici\u00f3n de usuario, por la que se aceptan, desde la navegaci\u00f3n por las p\u00e1ginas de JATA-ONDO, todas las condiciones de uso aqu\u00ed establecidas sin perjuicio de la aplicaci\u00f3n de la correspondiente normativa de obligado cumplimiento legal seg\u00fan el caso.<\/p>\n<p>Las p\u00e1ginas web de JATA-ONDO proporcionan gran diversidad de informaci\u00f3n, servicios y datos. El usuario asume su responsabilidad en el uso correcto de las websites. Esta responsabilidad se extender\u00e1 a:<\/p>\n<p>\u2022 La veracidad y licitud de las informaciones aportadas por el usuario en los formularios extendidos por JATA-ONDO para el acceso a ciertos contenidos o servicios ofrecidos por las\u00a0 webs. Tambi\u00e9n ser\u00e1 responsable del uso que le de a las claves de acceso que haya obtenido con la cumplimentaci\u00f3n de los formularios mencionados.<\/p>\n<p>\u2022 El uso de de la informaci\u00f3n, servicios y datos ofrecidos por JATA-ONDO contrariamente a lo dispuesto por las presentes condiciones, la Ley, la moral, las buenas costumbres o el orden p\u00fablico, o que de cualquier otro modo puedan suponer lesi\u00f3n de los derechos de terceros o del mismo funcionamiento de las websites.<\/p>\n<h6><\/h6>\n<h6><strong>POL\u00cdTICA DE ENLACES Y EXENCIONES DE RESPONSABILIDAD<\/strong><\/h6>\n<p>JATA-ONDO no se hace responsable del contenido de las p\u00e1ginas web a las que el usuario pueda acceder a trav\u00e9s de los enlaces establecidos en sus websites y declara que en ning\u00fan caso proceder\u00e1 a examinar o ejercitar ning\u00fan tipo de control sobre el contenido de otras p\u00e1ginas de la red.<\/p>\n<p>Asimismo, tampoco garantizar\u00e1 la disponibilidad t\u00e9cnica, exactitud, veracidad, validez o legalidad de p\u00e1ginas ajenas a su propiedad a las que se pueda acceder por medio de los enlaces.<\/p>\n<p>JATA-ONDO declara haber adoptado todas las medidas necesarias para evitar cualesquiera da\u00f1os que, a los usuarios de sus websites, pudieran derivarse de la navegaci\u00f3n por sus p\u00e1ginas web. En consecuencia, JATA-ONDO no se hace responsable, en ning\u00fan caso, de los eventuales da\u00f1os que por la navegaci\u00f3n por Internet pudiera sufrir el usuario.<\/p>\n<h6><\/h6>\n<h6><strong>MODIFICACIONES<\/strong><\/h6>\n<p>JATA-ONDO se reserva el derecho a realizar las modificaciones que considere oportunas, sin aviso previo, en el contenido de sus websites. Tanto en lo referente a los contenidos de las websites,\u00a0 como en las condiciones de uso de las mismas o en las condiciones generales de contrataci\u00f3n. Dichas modificaciones podr\u00e1n realizarse, a trav\u00e9s de sus websites, de cualquier forma admisible en derecho y ser\u00e1n de obligado cumplimiento durante el tiempo en que se encuentren publicadas en la web y hasta que no sean modificadas v\u00e1lidamente por otras posteriores.<\/p>\n<h6><\/h6>\n<h6><strong>RESERVA DE COOKIES<\/strong><\/h6>\n<p>JATA-ONDO se reserva el derecho de utilizar cookies en la navegaci\u00f3n del usuario por sus websites para facilitar la personalizaci\u00f3n y comodidad de la navegaci\u00f3n. Siguiendo la pol\u00edtica de protecci\u00f3n de datos de la empresa, JATA-ONDO informa que las cookies se asocian al usuario an\u00f3nimo y a su ordenador, y no proporcionan por s\u00ed el nombre y apellidos del usuario.<\/p>\n<p>El usuario tiene la posibilidad de configurar su navegador de modo que se le informe de la recepci\u00f3n de cookies, pudiendo, si as\u00ed lo desea, impedir que sean instaladas en su disco duro. No obstante, para el acceso a las websites de JATA-ONDO no ser\u00e1 preceptiva la instalaci\u00f3n de cookies.<\/p>\n<h6><\/h6>\n<h6><strong>PROTECCI\u00d3N DE DATOS<\/strong><\/h6>\n<p>De conformidad con lo que establece la Ley Org\u00e1nica 15\/1999 de Protecci\u00f3n de Datos de Car\u00e1cter Personal, JATA-ONDO informa a los usuarios de sus websites de que los datos personales recabados por la empresa mediante los formularios sitos en sus p\u00e1ginas, ser\u00e1n introducidos en un fichero automatizado bajo la responsabilidad de JATA-ONDO, con la finalidad de poder facilitar, agilizar y cumplir los compromisos establecidos entre ambas partes.\u00a0 As\u00ed mismo, JATA-ONDO informa de la posibilidad de ejercer los derechos de acceso, cancelaci\u00f3n, rectificaci\u00f3n y oposici\u00f3n mediante un escrito a la direcci\u00f3n JATA-ONDO.<\/p>\n<p>Mientras no nos comunique lo contrario, entenderemos que sus datos no han sido modificados, que usted se compromete a notificarnos cualquier variaci\u00f3n y que tenemos el consentimiento para utilizarlos a fin de poder fidelizar la relaci\u00f3n entre las partes.<\/p>\n<h6><\/h6>\n<h6><strong>PROPIEDAD INTELECTUAL<\/strong><\/h6>\n<p>Los derechos de propiedad intelectual e industrial derivados de todos los textos, im\u00e1genes, as\u00ed como de los medios y formas de presentaci\u00f3n y montaje de sus p\u00e1ginas pertenecen, por\u00a0 s\u00ed o como cesionaria, a JATA-ONDO Ser\u00e1n, por consiguiente, obras protegidas como propiedad intelectual por el ordenamiento jur\u00eddico espa\u00f1ol, si\u00e9ndoles aplicables tanto la normativa espa\u00f1ola y comunitaria en este campo, como los tratados internacionales relativos a la materia y suscritos por Espa\u00f1a.<\/p>\n<p>Todos los derechos reservados. En cumplimiento de la Ley de la Propiedad Intelectual se proh\u00edbe expresamente la reproducci\u00f3n, distribuci\u00f3n, comunicaci\u00f3n p\u00fablica y utilizaci\u00f3n, de la totalidad o parte de los contenidos de sus p\u00e1ginas web sin el consentimiento expreso de JATA-ONDO.<\/p>\n<h6><\/h6>\n<h6><strong>ACCIONES LEGALES, LEGISLACI\u00d3N APLICABLE Y JURISDICCI\u00d3N<\/strong><\/h6>\n<p>JATA-ONDO se reserva asimismo la facultad de presentar las acciones civiles o penales que considere oportunas por la utilizaci\u00f3n indebida de sus p\u00e1ginas web y contenidos o por el incumplimiento de las presentes condiciones.<\/p>\n<p>La relaci\u00f3n entre el usuario y JATA-ONDO se regir\u00e1 por la normativa espa\u00f1ola vigente y ser\u00e1n competentes para decidir sobre cualquier controversia que se pudiera suscitar entre el usuario y JATA-ONDO , los juzgados o tribunales propios de la localidad de MUNGIA.[\/vc_column_text][\/vc_column][vc_column width=&#8221;1\/6&#8243;][\/vc_column][\/vc_row]<\/p>\n<\/div>","protected":false},"excerpt":{"rendered":"<p>Eum an docendi expetendis. Nam iudico tollit periculis eu. No quo detraxit ocurreret, prima neglegentur ut pro. Ut cum nobis ornatus.<\/p>\n","protected":false},"author":4,"featured_media":0,"parent":0,"menu_order":0,"comment_status":"closed","ping_status":"closed","template":"","meta":{"footnotes":""},"class_list":["post-18286","page","type-page","status-publish","hentry"],"aioseo_notices":[],"_links":{"self":[{"href":"https:\/\/www.jataondo.org\/eu\/wp-json\/wp\/v2\/pages\/18286","targetHints":{"allow":["GET"]}}],"collection":[{"href":"https:\/\/www.jataondo.org\/eu\/wp-json\/wp\/v2\/pages"}],"about":[{"href":"https:\/\/www.jataondo.org\/eu\/wp-json\/wp\/v2\/types\/page"}],"author":[{"embeddable":true,"href":"https:\/\/www.jataondo.org\/eu\/wp-json\/wp\/v2\/users\/4"}],"replies":[{"embeddable":true,"href":"https:\/\/www.jataondo.org\/eu\/wp-json\/wp\/v2\/comments?post=18286"}],"version-history":[{"count":0,"href":"https:\/\/www.jataondo.org\/eu\/wp-json\/wp\/v2\/pages\/18286\/revisions"}],"wp:attachment":[{"href":"https:\/\/www.jataondo.org\/eu\/wp-json\/wp\/v2\/media?parent=18286"}],"curies":[{"name":"wp","href":"https:\/\/api.w.org\/{rel}","templated":true}]}}