{"id":18282,"date":"2016-07-02T16:35:22","date_gmt":"2016-07-02T16:35:22","guid":{"rendered":"http:\/\/test.nantiaemarketing.eu\/aviso-legal\/"},"modified":"2017-07-17T11:17:07","modified_gmt":"2017-07-17T11:17:07","slug":"legezko-oharra","status":"publish","type":"page","link":"https:\/\/www.jataondo.org\/eu\/legezko-oharra\/","title":{"rendered":"Legezko oharra"},"content":{"rendered":"<div class=\"wpb-content-wrapper\"><p>[vc_row][vc_column width=&#8221;1\/6&#8243;][\/vc_column][vc_column width=&#8221;2\/3&#8243;][vc_column_text]<\/p>\n<h6><strong>Derecho de Informaci\u00f3n<\/strong><\/h6>\n<p>Si el usuario decide registrarse en el sitio web, se solicitar\u00e1n los datos estrictamente necesarios para la consecuci\u00f3n de los fines y finalidades a los que est\u00e1 destinado el sitio web.<br \/>\nTras el proceso de alta y registro, el cliente tiene acceso a una serie de servicios y herramientas para la gesti\u00f3n de informaci\u00f3n para su inter\u00e9s.<br \/>\nA tales efectos se requiere que los usuarios cumplimenten un formulario electr\u00f3nico, lo cual conlleva facilitar datos de car\u00e1cter personal necesarios para las funciones y finalidades descritas. El tratamiento de los datos de los candidatos est\u00e1 enfocado \u00fanicamente a la consecuci\u00f3n de estos fines. Respetando el cumplimiento de lo establecido en la Ley Org\u00e1nica 15\/1999, de 13 de diciembre, de Protecci\u00f3n de Datos de Car\u00e1cter Personal le informamos que los datos personales quedar\u00e1n incorporados en un fichero y ser\u00e1n tratados con el fin de poder prestar y ofrecer servicios del inter\u00e9s del usuario por parte de la empresa y sus asociados y as\u00ed como para informarle de las mejoras del sitio Web.<\/p>\n<p>Los datos recabados son los adecuados, pertinentes y no excesivos en relaci\u00f3n con el \u00e1mbito, las finalidades y servicios que se prestan.<\/p>\n<p>Se han adoptado las medidas de \u00edndole t\u00e9cnica y organizativas que garantizan la seguridad de los datos de car\u00e1cter personal y eviten su alteraci\u00f3n, p\u00e9rdida, tratamiento o acceso no autorizado, habida cuenta del estado de la tecnolog\u00eda, la naturaleza de los datos almacenados y los riesgos a que est\u00e9n expuestos.<\/p>\n<h6><strong>Consentimiento del Usuario<\/strong><\/h6>\n<p>Al pulsar en el formulario de Alta &#8220;REGISTRAR&#8221; o en el formulario de contacto &#8220;ENVIAR&#8221;, el usuario da su consentimiento inequ\u00edvoco y expreso al tratamiento de sus datos personales conforme a las finalidades y servicios que se prestan.<\/p>\n<p><strong>Servicio de comunicaciones electr\u00f3nicas<\/strong><\/p>\n<p>Recepci\u00f3n autom\u00e1tica y gratuita de ofertas, novedades e informaci\u00f3n.<\/p>\n<p>El sitio web ofrece la posibilidad de conocer a trav\u00e9s de comunicaciones electr\u00f3nicas (correo electr\u00f3nico) de forma r\u00e1pida, personal y gratuita, informaci\u00f3n de inter\u00e9s relacionada con el sitio web.<\/p>\n<p>En este sentido, se insiste en el compromiso de uso responsable y confidencial de los datos, garantizando que estos se tratar\u00e1n de acuerdo con las exigencias legales, y que tan s\u00f3lo ser\u00e1n utilizados en el entorno delimitado.<\/p>\n<h6><strong>Derecho de Revocaci\u00f3n, Oposici\u00f3n, Acceso, Correcci\u00f3n, Actualizaci\u00f3n y Cancelaci\u00f3n de Datos<\/strong><\/h6>\n<p>Respetando el cumplimiento de lo establecido en la Ley Org\u00e1nica 15\/1999, de 13 de diciembre, de Protecci\u00f3n de Datos de Car\u00e1cter Personal le informamos que los datos personales quedar\u00e1n incorporados en un fichero y ser\u00e1n tratados con el fin de poder prestar y ofrecer servicios del inter\u00e9s del usuario por parte de la empresa y sus asociados y as\u00ed como para informarle de las mejoras del sitio Web.<\/p>\n<p>El usuario tiene derecho a acceder a sus datos personales, a rectificarlos si los datos son err\u00f3neos y a darse de baja de los servicios de la web.<\/p>\n<p>As\u00ed, el usuario puede revocar su consentimiento en cualquier momento por causa justificada, pero no se podr\u00e1n atribuir efectos retroactivos.<\/p>\n<p>Estos derechos pueden hacerse efectivos mediante la propia configuraci\u00f3n de la p\u00e1gina web. En caso de problemas para la realizaci\u00f3n efectiva online as\u00ed como para cualquier tipo de duda o controversia respecto a nuestra pol\u00edtica de privacidad de datos se podr\u00e1n dirigir directamente a:<\/p>\n<h6><strong>Departamento de atenci\u00f3n al Cliente<\/strong><\/h6>\n<p>Tel\u00e9fono, correo electr\u00f3nico o formulario de contacto proporcionados en el sitio web.<\/p>\n<h6><strong>Pol\u00edtica de Cookies<\/strong><\/h6>\n<p><strong>\u00bfQu\u00e9 es una cookie?<\/strong><br \/>\nUna cookie es un peque\u00f1o archivo de texto que se almacena en tu ordenador cuando entras en una p\u00e1gina web. Este archivo de texto almacena informaci\u00f3n que puede ser le\u00edda por la p\u00e1gina cuando vuelves a entrar. Algunas de estas cookies son imprescindibles, ya que sin ellas la p\u00e1gina no puede funcionar correctamente. Otras cookies son muy \u00fatiles, pues recuerdan tu nombre de usuario de forma segura, as\u00ed como tus preferencias, por ejemplo, el idioma. Gracias a las cookies no es necesario que facilites la misma informaci\u00f3n cada vez que entras en una p\u00e1gina.<\/p>\n<p><strong>\u00bfPor qu\u00e9 utilizamos cookies?<\/strong><br \/>\nPara ofrecerte una experiencia m\u00e1s personalizada con tus preferencias. De esta manera no tendr\u00e1s que facilitar la misma informaci\u00f3n cada vez que visites la p\u00e1gina. Las cookies se usan adem\u00e1s para mejorar el rendimiento de la p\u00e1gina.<\/p>\n<p><strong>\u00bfC\u00f3mo puedo desactivar las cookies?<\/strong><br \/>\nModificar las preferencias de tu navegador para desactivar las cookies es muy sencillo, pero recuerda que si las desactivas es muy probable que nuestra plataforma deje de funcionar de manera correcta.<\/p>\n<p>En Firefox:<\/p>\n<ol>\n<li>Abre Firefox.<\/li>\n<li>Pulsa la tecla \u00abAlt\u00bb del teclado.<\/li>\n<li>En el men\u00fa que aparece arriba en la pantalla, elige \u00abHerramientas\u00bb y despu\u00e9s \u00abOpciones\u00bb.<\/li>\n<li>Haz clic en \u00abPrivacidad\u00bb.<\/li>\n<li>En \u00abFirefox podr\u00e1\u00bb: elige \u00abUsar una configuraci\u00f3n personalizada para el historial\u00bb. Desmarca la opci\u00f3n \u00abAceptar cookies\u00bb para desactivarlas y guarda los cambios realizados.<\/li>\n<\/ol>\n<p>En Internet Explorer:<\/p>\n<ol>\n<li>Abre Internet Explorer.<\/li>\n<li>Haz clic en el bot\u00f3n \u00abHerramientas\u00bb y despu\u00e9s en \u00abOpciones de internet\u00bb.<\/li>\n<li>Selecciona \u00abPrivacidad\u00bb.<\/li>\n<li>En \u00abAvanzada\u00bb puedes desactivar las cookies y guardar los cambios realizados.<\/li>\n<\/ol>\n<p>En Google Chrome:<\/p>\n<ol>\n<li>Abre Google Chrome.<\/li>\n<li>Haz clic en el men\u00fa \u00abHerramientas\u00bb.<\/li>\n<li>Selecciona \u00abOpciones\u00bb.<\/li>\n<li>Haz clic en la pesta\u00f1a \u00abAvanzada\u00bb. En la secci\u00f3n \u00abPrivacidad\u00bb, haz clic en \u00abConfiguraci\u00f3n de contenido\u00bb.<\/li>\n<li>En la pesta\u00f1a \u00abCookies\u00bb puedes deshabilitar las cookies y guardar los cambios seleccionados.<\/li>\n<\/ol>\n<p>En Safari:<\/p>\n<ol>\n<li>Abre Safari.<\/li>\n<li>Selecciona \u00abPreferencias\u00bb en el men\u00fa y haz clic en \u00abSeguridad\u00bb (parte superior derecha).<\/li>\n<li>En la secci\u00f3n &#8220;Aceptar cookies&#8221;, puedes elegir si Safari debe aceptar las cookies de los sitios a los que entras. Para obtener m\u00e1s informaci\u00f3n, haz clic en el signo de interrogaci\u00f3n.<\/li>\n<li>Para ver las cookies que se han almacenado en tu ordenador, haz clic en \u00abVer cookies\u00bb.<\/li>\n<\/ol>\n<p>[\/vc_column_text][\/vc_column][vc_column width=&#8221;1\/6&#8243;][\/vc_column][\/vc_row]<\/p>\n<\/div>","protected":false},"excerpt":{"rendered":"<p>Eum an docendi expetendis. Nam iudico tollit periculis eu. No quo detraxit ocurreret, prima neglegentur ut pro. Ut cum nobis ornatus.<\/p>\n","protected":false},"author":4,"featured_media":0,"parent":0,"menu_order":0,"comment_status":"closed","ping_status":"closed","template":"","meta":{"footnotes":""},"class_list":["post-18282","page","type-page","status-publish","hentry"],"aioseo_notices":[],"_links":{"self":[{"href":"https:\/\/www.jataondo.org\/eu\/wp-json\/wp\/v2\/pages\/18282","targetHints":{"allow":["GET"]}}],"collection":[{"href":"https:\/\/www.jataondo.org\/eu\/wp-json\/wp\/v2\/pages"}],"about":[{"href":"https:\/\/www.jataondo.org\/eu\/wp-json\/wp\/v2\/types\/page"}],"author":[{"embeddable":true,"href":"https:\/\/www.jataondo.org\/eu\/wp-json\/wp\/v2\/users\/4"}],"replies":[{"embeddable":true,"href":"https:\/\/www.jataondo.org\/eu\/wp-json\/wp\/v2\/comments?post=18282"}],"version-history":[{"count":0,"href":"https:\/\/www.jataondo.org\/eu\/wp-json\/wp\/v2\/pages\/18282\/revisions"}],"wp:attachment":[{"href":"https:\/\/www.jataondo.org\/eu\/wp-json\/wp\/v2\/media?parent=18282"}],"curies":[{"name":"wp","href":"https:\/\/api.w.org\/{rel}","templated":true}]}}